{"id":5727,"date":"2025-10-05T19:29:43","date_gmt":"2025-10-05T19:29:43","guid":{"rendered":"https:\/\/finconsult.ba\/?page_id=5727"},"modified":"2025-10-07T08:09:05","modified_gmt":"2025-10-07T08:09:05","slug":"prijave-na-edukaciju","status":"publish","type":"page","link":"https:\/\/finconsult.ba\/en\/prijave-na-edukaciju\/","title":{"rendered":"Prijave na edukaciju"},"content":{"rendered":"<div data-elementor-type=\"wp-page\" data-elementor-id=\"5727\" class=\"elementor elementor-5727\">\n\t\t\t\t<div class=\"elementor-element elementor-element-ff8a8a6 e-flex e-con-boxed e-con e-parent\" data-id=\"ff8a8a6\" data-element_type=\"container\">\n\t\t\t\t\t<div class=\"e-con-inner\">\n\t\t\t\t<div class=\"elementor-element elementor-element-71713bd elementor-widget elementor-widget-html\" data-id=\"71713bd\" data-element_type=\"widget\" data-widget_type=\"html.default\">\n\t\t\t\t<div class=\"elementor-widget-container\">\n\t\t\t\t\t<div class=\"edu-buttons\">\n  <a href=\"https:\/\/finconsult.ba\/en\/edukacija-za-vodjenje-poslovnih-knjiga-45-ciklus\/\" class=\"edu-btn\">\n    Bookkeeping Training Program\n  <\/a>\n\n  <a href=\"https:\/\/finconsult.ba\/en\/prijava-na-edukaciju-cr\/\" class=\"edu-btn\">\n    Edukacija za certificiranog ra\u010dunovo\u0111u\n  <\/a>\n\n  <a href=\"https:\/\/finconsult.ba\/en\/prijava-na-edukaciju-or\/\" class=\"edu-btn\">\n    Edukacija za ovla\u0161tenog revizora\n  <\/a>\n<\/div>\n\n<style>\n.edu-buttons {\n  display: flex;\n  flex-wrap: wrap;\n  justify-content: center;\n  gap: 20px;\n  margin-top: 40px;\n}\n\n.edu-btn {\n  position: relative;\n  display: inline-block;\n  padding: 14px 32px;\n  border: 2px solid #cc0033;\n  border-radius: 12px;\n  color: #cc0033;\n  font-weight: 600;\n  text-decoration: none;\n  font-family: \"Dosis\", sans-serif;\n  letter-spacing: 0.4px;\n  overflow: hidden;\n  transition: all 0.35s ease;\n}\n\n.edu-btn::before {\n  content: \"\";\n  position: absolute;\n  top: 0;\n  left: -100%;\n  width: 100%;\n  height: 100%;\n  background: linear-gradient(120deg, rgba(255,255,255,0.3) 0%, rgba(255,255,255,0) 100%);\n  transition: all 0.4s ease;\n}\n\n.edu-btn:hover::before {\n  left: 100%;\n}\n\n.edu-btn:hover {\n  background: #cc0033;\n  color: #fff;\n  box-shadow: 0 6px 18px rgba(204, 0, 51, 0.3);\n  transform: translateY(-3px);\n}\n\n@media (max-width: 768px) {\n  .edu-btn {\n    width: 100%;\n    text-align: center;\n  }\n}\n<\/style>\n\t\t\t\t<\/div>\n\t\t\t\t<\/div>\n\t\t\t\t\t<\/div>\n\t\t\t\t<\/div>\n\t\t\t\t<\/div>","protected":false},"excerpt":{"rendered":"<p>Edukacija za vo\u0111enje poslovnih knjiga Edukacija za certificiranog ra\u010dunovo\u0111u Edukacija za ovla\u0161tenog revizora<\/p>","protected":false},"author":4,"featured_media":0,"parent":0,"menu_order":0,"comment_status":"closed","ping_status":"closed","template":"","meta":{"_acf_changed":false,"footnotes":""},"class_list":["post-5727","page","type-page","status-publish","hentry"],"acf":[],"_links":{"self":[{"href":"https:\/\/finconsult.ba\/en\/wp-json\/wp\/v2\/pages\/5727","targetHints":{"allow":["GET"]}}],"collection":[{"href":"https:\/\/finconsult.ba\/en\/wp-json\/wp\/v2\/pages"}],"about":[{"href":"https:\/\/finconsult.ba\/en\/wp-json\/wp\/v2\/types\/page"}],"author":[{"embeddable":true,"href":"https:\/\/finconsult.ba\/en\/wp-json\/wp\/v2\/users\/4"}],"replies":[{"embeddable":true,"href":"https:\/\/finconsult.ba\/en\/wp-json\/wp\/v2\/comments?post=5727"}],"version-history":[{"count":0,"href":"https:\/\/finconsult.ba\/en\/wp-json\/wp\/v2\/pages\/5727\/revisions"}],"wp:attachment":[{"href":"https:\/\/finconsult.ba\/en\/wp-json\/wp\/v2\/media?parent=5727"}],"curies":[{"name":"wp","href":"https:\/\/api.w.org\/{rel}","templated":true}]}}