{"id":564,"date":"2017-12-19T07:57:15","date_gmt":"2017-12-19T07:57:15","guid":{"rendered":"http:\/\/finconsult.ba\/?page_id=564"},"modified":"2025-10-17T11:56:51","modified_gmt":"2025-10-17T11:56:51","slug":"kontakt","status":"publish","type":"page","link":"https:\/\/finconsult.ba\/en\/kontakt\/","title":{"rendered":"CONTACT"},"content":{"rendered":"<div style=\"font-family:'Poppins', Arial, Helvetica, sans-serif; max-width:950px; margin:auto; border-radius:14px; overflow:hidden;\">\n\n  <!-- Glavni sadr\u017eaj -->\n  <div class=\"contact-wrapper\" style=\"display:flex; flex-wrap:wrap; justify-content:space-between; align-items:flex-start; gap:40px; padding:40px 30px; background:transparent;\">\n\n    <!-- Lijeva kolona -->\n    <div class=\"contact-left\" style=\"flex:1 1 45%; min-width:280px;\">\n      <h3 style=\"color:#b00020; font-size:19px; margin-bottom:20px; border-left:4px solid #b00020; padding-left:12px; text-transform:uppercase;\">\n        CONTACT INFO\n      <\/h3>\n\n      <div style=\"font-size:16px; color:#333; line-height:1.9;\">\n        <p class=\"translation-block\"><strong>Address:<\/strong><br>\n15 Armije RBiH Street, \u201cSkojevska\u201d Shopping Center, 75 000 Tuzla, Bosnia and Herzegovina<\/p>\n\n        <p><strong>Telephone:<\/strong><br> 035\/277-275 &nbsp;|&nbsp; 035\/255-275 &nbsp;|&nbsp; 033\/204-769<\/p>\n\n        <p class=\"translation-block\"><strong>Mobile:<\/strong><br>\n060\/336-02-34  |  062\/740-067<\/p>\n\n        <p class=\"translation-block\"><strong>E-mail:<\/strong><br>\r\n          <a href=\"mailto:finconsult@bih.net.ba\" style=\"color:#b00020; text-decoration:none;\" target=\"_self\">finconsult@bih.net.ba<\/a><br>\r\n          <a href=\"mailto:finconsult.sa@bih.net.ba\" style=\"color:#b00020; text-decoration:none;\" target=\"_self\">finconsult.sa@bih.net.ba<\/a><br>\r\n          <a href=\"mailto:finconsultdootuzla@gmail.com\" style=\"color:#b00020; text-decoration:none;\" target=\"_self\">finconsultdootuzla@gmail.com<\/a><br>\r\n          <a href=\"mailto:racunovodstvo@finconsult.ba\" style=\"color:#b00020; text-decoration:none;\" target=\"_self\">racunovodstvo@finconsult.ba<\/a><\/p>\n      <\/div>\n\n      <!-- Dru\u0161tvene mre\u017ee -->\n      <div style=\"margin-top:24px;\">\n        <p style=\"color:#b00020; font-size:17px; font-weight:600; margin-bottom:10px;\">Follow us on:<\/p>\n        <a href=\"https:\/\/www.facebook.com\/finconsulttuzla\" target=\"_blank\" style=\"margin-right:12px;\" rel=\"noopener\">\n          <img decoding=\"async\" src=\"https:\/\/cdn-icons-png.flaticon.com\/512\/733\/733547.png\" alt=\"Facebook\" style=\"width:34px; transition:all 0.3s ease;\">\n        <\/a>\n        <a href=\"https:\/\/www.linkedin.com\/company\/finconsult\" target=\"_blank\" rel=\"noopener\">\n          <img decoding=\"async\" src=\"https:\/\/cdn-icons-png.flaticon.com\/512\/174\/174857.png\" alt=\"LinkedIn\" style=\"width:34px; transition:all 0.3s ease;\">\n        <\/a>\n      <\/div>\n    <\/div>\n\n    <!-- Desna kolona -->\n    <div class=\"contact-right\" style=\"flex:1 1 45%; min-width:280px;\">\n      <h3 style=\"color:#b00020; font-size:19px; margin-bottom:20px; border-left:4px solid #b00020; padding-left:12px; text-transform:uppercase;\">\n        Bank Accounts\n      <\/h3>\n\n      <div style=\"border:1px solid #ddd; border-radius:10px; padding:18px;\">\n        <table style=\"width:100%; border-collapse:collapse; font-size:15px; line-height:1.8;\">\n          <tbody>\n            <tr><td><strong>Intesa Sanpaolo Banka<\/strong><\/td><td style=\"text-align:right; color:#b00020;\"><strong>1544002000541593<\/strong><\/td><\/tr>\n            <tr><td><strong>ProCredit Bank<\/strong><\/td><td style=\"text-align:right; color:#b00020;\"><strong>1941160349501128<\/strong><\/td><\/tr>\n            <tr><td><strong>UniCredit Bank<\/strong><\/td><td style=\"text-align:right; color:#b00020;\"><strong>3384402215365974<\/strong><\/td><\/tr>\n            <tr><td><strong>ASA Banka<\/strong><\/td><td style=\"text-align:right; color:#b00020;\"><strong>1345801003317007<\/strong><\/td><\/tr>\n            <tr><td><strong>ZiraatBank BH<\/strong><\/td><td style=\"text-align:right; color:#b00020;\"><strong>1861410310441615<\/strong><\/td><\/tr>\n          <\/tbody>\n        <\/table>\n      <\/div>\n\n      <div style=\"margin-top:15px; text-align:right; font-size:14px; color:#555;\">\n        <p><strong>ID:<\/strong> 4209808770009<\/p>\n        <p><strong>VAT:<\/strong> 209808770009<\/p>\n      <\/div>\n    <\/div>\n  <\/div>\n\n  <!-- Google mapa -->\n  <div style=\"text-align:center; padding:0 15px 40px 15px;\">\n    <iframe \n      src=\"https:\/\/www.google.com\/maps\/embed?pb=!1m18!1m12!1m3!1d2843.920825104862!2d18.694521776607534!3d44.537253671073884!2m3!1f0!2f0!3f0!3m2!1i1024!2i768!4f13.1!3m3!1m2!1s0x475ead2b9aa29b73%3A0x6d68593efc6137d!2sFINconsult%20d.o.o.!5e0!3m2!1shr!2sba!4v1745487505783!5m2!1shr!2sba\" \n      width=\"100%\" \n      height=\"350\" \n      style=\"border:2px solid #b00020; border-radius:10px;\" \n      allowfullscreen=\"\" \n      loading=\"lazy\">\n    <\/iframe>\n  <\/div>\n\n  <style>\n    @media (max-width:768px) {\n      .contact-wrapper {\n        flex-direction: column !important;\n        padding: 25px 20px !important;\n        gap: 20px !important;\n      }\n      .contact-left, .contact-right {\n        width: 100% !important;\n        min-width: auto !important;\n      }\n      table td {\n        display: block;\n        text-align: left !important;\n        padding: 4px 0;\n      }\n      table tr {\n        border-bottom: 1px solid #eee;\n      }\n      iframe {\n        height: 300px !important;\n      }\n    }\n    a:hover img {\n      transform: scale(1.1);\n      filter: drop-shadow(0 0 6px rgba(176,0,32,0.4));\n    }\n  <\/style>\n<\/div>\n\n\n\n\n<div style=\"max-width:850px; margin:0 auto 40px auto; text-align:center; font-family:'Poppins', Arial, sans-serif;\">\n  <h2 style=\"color:#b00020; font-size:26px; font-weight:600; margin-bottom:12px;\">\n    Contact us:\n  <\/h2>\n  <p style=\"font-size:16px; color:#444; line-height:1.8; margin:0;\">\n    Do you have a question about our training programs, seminars, or services?\nSend us a message using the form below, and our team will get back to you as soon as possible.\n  <\/p>\n<\/div>\n\n\n<div class='fluentform ff-default fluentform_wrapper_8 ffs_default_wrap'><form data-form_id=\"8\" id=\"fluentform_8\" class=\"frm-fluent-form fluent_form_8 ff-el-form-top ff_form_instance_8_1 ff-form-loading ffs_default\" data-form_instance=\"ff_form_instance_8_1\" method=\"POST\" action=\"\" ><fieldset  style=\"border: none!important;margin: 0!important;padding: 0!important;background-color: transparent!important;box-shadow: none!important;outline: none!important; min-inline-size: 100%;\">\n                    <legend class=\"ff_screen_reader_title\" style=\"display: block; margin: 0!important;padding: 0!important;height: 0!important;text-indent: -999999px;width: 0!important;overflow:hidden;\">Kontakt obrazac<\/legend><p style=\"display: none !important;\" class=\"akismet-fields-container\" data-prefix=\"ak_\"><label>&#916;<textarea name=\"ak_hp_textarea\" cols=\"45\" rows=\"8\" maxlength=\"100\"><\/textarea><\/label><input type=\"hidden\" id=\"ak_js_1\" name=\"ak_js\" value=\"225\"\/><script>document.getElementById( \"ak_js_1\" ).setAttribute( \"value\", ( new Date() ).getTime() );<\/script><\/p><input type='hidden' name='__fluent_form_embded_post_id' value='564' \/><input type=\"hidden\" id=\"_fluentform_8_fluentformnonce\" name=\"_fluentform_8_fluentformnonce\" value=\"9d4fa3695a\" \/><input type=\"hidden\" name=\"_wp_http_referer\" value=\"\/en\/wp-json\/wp\/v2\/pages\/564\" \/><div data-type=\"name-element\" data-name=\"names\" class=\"ff-field_container ff-name-field-wrapper\" ><div class='ff-t-container'><div class='ff-t-cell'><div class='ff-el-group'><div class=\"ff-el-input--label asterisk-right\"><label for='ff_8_names_first_name_' id='label_ff_8_names_first_name_' >First name<\/label><\/div><div class='ff-el-input--content'><input type=\"text\" name=\"names[first_name]\" id=\"ff_8_names_first_name_\" class=\"ff-el-form-control\" placeholder=\"First name\" aria-invalid=\"false\" aria-required=\"false\"><\/div><\/div><\/div><div class='ff-t-cell'><div class='ff-el-group'><div class=\"ff-el-input--label ff-el-is-required asterisk-right\"><label for='ff_8_names_last_name_' id='label_ff_8_names_last_name_' >Last name<\/label><\/div><div class='ff-el-input--content'><input type=\"text\" name=\"names[last_name]\" id=\"ff_8_names_last_name_\" class=\"ff-el-form-control\" placeholder=\"Last name\" aria-invalid=\"false\" aria-required=\"true\"><\/div><\/div><\/div><\/div><\/div><div class='ff-el-group'><div class=\"ff-el-input--label ff-el-is-required asterisk-right\"><label for='ff_8_email' id='label_ff_8_email' aria-label=\"E-mail\">E-mail<\/label><\/div><div class='ff-el-input--content'><input type=\"email\" name=\"email\" id=\"ff_8_email\" class=\"ff-el-form-control\" placeholder=\"Email address\" data-name=\"email\"  aria-invalid=\"false\" aria-required=\"true\"><\/div><\/div><div class='ff-el-group'><div class=\"ff-el-input--label ff-el-is-required asterisk-right\"><label for='ff_8_message' id='label_ff_8_message' aria-label=\"Your message\">Your message<\/label><\/div><div class='ff-el-input--content'><textarea aria-required=\"true\" aria-labelledby=\"label_ff_8_message\" name=\"message\" id=\"ff_8_message\" class=\"ff-el-form-control\" placeholder=\"Enter your question.\" rows=\"4\" cols=\"2\" data-name=\"message\" ><\/textarea><\/div><\/div><div class='ff-el-group' ><div class='ff-el-input--content'><div data-fluent_id='8' name='g-recaptcha-response'><div\n\t\tdata-sitekey='6Le1u-grAAAAAKNclmM0fpYmsbii1PymKJenezR4'\n\t\tid='fluentform-recaptcha-8-1'\n\t\tclass='ff-el-recaptcha g-recaptcha'\n\t\tdata-callback='fluentFormrecaptchaSuccessCallback'><\/div><\/div><\/div><\/div><div class='ff-el-group ff-text-left ff_submit_btn_wrapper'><button type=\"submit\" class=\"ff-btn ff-btn-submit ff-btn-md ff_btn_style\"  aria-label=\"Send message\">Send message<\/button><\/div><\/fieldset><input type=\"hidden\" name=\"trp-form-language\" value=\"en\"\/><\/form><div id='fluentform_8_errors' class='ff-errors-in-stack ff_form_instance_8_1 ff-form-loading_errors ff_form_instance_8_1_errors'><\/div><\/div>            <script type=\"text\/javascript\">\n                window.fluent_form_ff_form_instance_8_1 = {\"id\":\"8\",\"settings\":{\"layout\":{\"labelPlacement\":\"top\",\"asteriskPlacement\":\"asterisk-right\",\"helpMessagePlacement\":\"with_label\",\"errorMessagePlacement\":\"inline\",\"cssClassName\":\"\"},\"restrictions\":{\"denyEmptySubmission\":{\"enabled\":false}}},\"form_instance\":\"ff_form_instance_8_1\",\"form_id_selector\":\"fluentform_8\",\"rules\":{\"names[first_name]\":{\"required\":{\"value\":false,\"message\":\"This field is required\",\"global\":true,\"global_message\":\"This field is required\"}},\"names[middle_name]\":{\"required\":{\"value\":false,\"message\":\"This field is required\",\"global\":true,\"global_message\":\"This field is required\"}},\"names[last_name]\":{\"required\":{\"value\":true,\"message\":\"This field is required\",\"global\":true,\"global_message\":\"This field is required\"}},\"email\":{\"required\":{\"value\":true,\"message\":\"This field is required\",\"global\":true,\"global_message\":\"This field is required\"},\"email\":{\"value\":true,\"message\":\"This field must contain a valid email\",\"global\":true,\"global_message\":\"This field must contain a valid email\"}},\"message\":{\"required\":{\"value\":true,\"message\":\"This field is required\",\"global\":true,\"global_message\":\"This field is required\"}},\"g-recaptcha-response\":[]},\"debounce_time\":300};\n                            <\/script>","protected":false},"excerpt":{"rendered":"<p>Kontakt podaci Adresa: Ul. Armije RBiH 15, TC &#8220;Skojevska&#8221;, 75 000 Tuzla, Bosna i Hercegovina Telefon\/Fax: 035\/277-275 &nbsp;|&nbsp; 035\/255-275 &nbsp;|&nbsp; 033\/204-769 Mobitel: 060\/336-02-34 &nbsp;|&nbsp; 062\/740-067 E-mail: finconsult@bih.net.ba finconsult.sa@bih.net.ba finconsultdootuzla@gmail.com racunovodstvo@finconsult.ba Pratite nas: Transakcijski ra\u010duni Intesa Sanpaolo Banka 1544002000541593 ProCredit Bank 1941160349501128 UniCredit Bank 3384402215365974 ASA Banka 1345801003317007 ZiraatBank BH 1861410310441615 ID: 4209808770009 PDV: 209808770009 Kontaktirajte nas Imate pitanje o na\u0161im edukacijama, seminarima ili uslugama? Po\u0161aljite nam poruku putem obrasca ispod, a na\u0161 tim \u0107e vam [&hellip;]<\/p>","protected":false},"author":1,"featured_media":0,"parent":0,"menu_order":0,"comment_status":"closed","ping_status":"closed","template":"","meta":{"_acf_changed":false,"footnotes":""},"class_list":["post-564","page","type-page","status-publish","hentry"],"acf":[],"_links":{"self":[{"href":"https:\/\/finconsult.ba\/en\/wp-json\/wp\/v2\/pages\/564","targetHints":{"allow":["GET"]}}],"collection":[{"href":"https:\/\/finconsult.ba\/en\/wp-json\/wp\/v2\/pages"}],"about":[{"href":"https:\/\/finconsult.ba\/en\/wp-json\/wp\/v2\/types\/page"}],"author":[{"embeddable":true,"href":"https:\/\/finconsult.ba\/en\/wp-json\/wp\/v2\/users\/1"}],"replies":[{"embeddable":true,"href":"https:\/\/finconsult.ba\/en\/wp-json\/wp\/v2\/comments?post=564"}],"version-history":[{"count":1,"href":"https:\/\/finconsult.ba\/en\/wp-json\/wp\/v2\/pages\/564\/revisions"}],"predecessor-version":[{"id":5975,"href":"https:\/\/finconsult.ba\/en\/wp-json\/wp\/v2\/pages\/564\/revisions\/5975"}],"wp:attachment":[{"href":"https:\/\/finconsult.ba\/en\/wp-json\/wp\/v2\/media?parent=564"}],"curies":[{"name":"wp","href":"https:\/\/api.w.org\/{rel}","templated":true}]}}