{"id":2267,"date":"2019-06-06T06:42:45","date_gmt":"2019-06-06T06:42:45","guid":{"rendered":"http:\/\/finconsult.ba\/?page_id=2267"},"modified":"2025-10-21T07:38:50","modified_gmt":"2025-10-21T07:38:50","slug":"finansijski-konsalting","status":"publish","type":"page","link":"https:\/\/finconsult.ba\/en\/finansijski-konsalting\/","title":{"rendered":"FINANCIAL CONSULTING"},"content":{"rendered":"<section class=\"fc-consulting\" aria-label=\"FINconsult \u2013 Finansijski konsalting\">\n  <style>\n    .fc-consulting{\n      --red:#c9212b; --dark:#0f1720; --muted:#6b7280; --ring:#e5e5e5; --bg:#ffffff;\n      --radius:18px;\n      font-family:\"Poppins\", system-ui, -apple-system, Segoe UI, Roboto, Arial, sans-serif;\n      color:var(--dark); background:var(--bg);\n      border:1px solid var(--ring); border-radius:var(--radius);\n      padding:36px; margin:24px 0;\n    }\n    .fc-kicker{display:inline-block; font-size:12px; letter-spacing:.14em; text-transform:uppercase; color:var(--muted); margin-bottom:6px}\n    .fc-title{font-weight:800; font-size:clamp(26px,2.6vw,36px); line-height:1.15; margin:0 0 10px}\n    .fc-lead{color:var(--muted); margin:0 0 22px; line-height:1.7}\n    .fc-grid{display:grid; gap:18px; grid-template-columns:1fr; margin-top:10px}\n    @media(min-width:900px){ .fc-grid{grid-template-columns:1.2fr 1fr} }\n\n    .fc-card{background:#fff; border:1px solid var(--ring); border-radius:16px; padding:20px}\n    .fc-card h3{margin:0 0 10px; font-size:18px}\n    .fc-list{margin:6px 0 0 0; padding-left:0; list-style:none}\n    .fc-list li{display:flex; gap:10px; align-items:flex-start; margin:10px 0; line-height:1.6}\n    .fc-list svg{min-width:18px; margin-top:3px}\n    .fc-pill{display:inline-block; border:1px dashed var(--ring); border-radius:999px; padding:6px 10px; font-size:12px; color:var(--muted)}\n    .fc-divider{height:1px; background:var(--ring); margin:18px 0}\n\n    .fc-projects{display:grid; gap:12px; grid-template-columns:1fr}\n    @media(min-width:700px){ .fc-projects{grid-template-columns:1fr 1fr} }\n    .fc-project{border:1px solid var(--ring); border-radius:12px; padding:14px; display:flex; gap:10px}\n    .fc-project strong{display:block; margin-bottom:4px}\n    .fc-bullet{width:8px; height:8px; border-radius:50%; background:var(--red); margin-top:8px; flex-shrink:0}\n  <\/style>\n\n  <header>\n    <span class=\"fc-kicker\">Usluge<\/span>\n    <h2 class=\"fc-title\">Finansijski konsalting<\/h2>\n    <p class=\"fc-lead\">Kroz dugogodi\u0161nje iskustvo FINconsult je realizovao brojne projekte iz oblasti finansijskog konsaltinga, izrade investicionih planova i savjetovanja u vezi bankarskih aran\u017emana i finansijskog upravljanja.<\/p>\n  <\/header>\n\n  <div class=\"fc-grid\">\n    <!-- Usluge -->\n    <div class=\"fc-card\" aria-labelledby=\"usluge-fin\">\n      <h3 id=\"usluge-fin\">Na\u0161e aktivnosti obuhvataju<\/h3>\n      <ul class=\"fc-list\">\n        <li>\n          <svg width=\"18\" height=\"18\" viewbox=\"0 0 24 24\" fill=\"none\" aria-hidden=\"true\"><path d=\"M20 7l-8 10L4 12\" stroke=\"currentColor\" stroke-width=\"2\" stroke-linecap=\"round\" stroke-linejoin=\"round\"\/><\/svg>\n          <div><strong>Izradu investicionih i poslovnih planova<\/strong> \u2013 uklju\u010duju\u0107i projekcije prihoda, tro\u0161kova, nov\u010danih tokova i pokazatelja profitabilnosti.<\/div>\n        <\/li>\n        <li>\n          <svg width=\"18\" height=\"18\" viewbox=\"0 0 24 24\" fill=\"none\" aria-hidden=\"true\"><path d=\"M3 7h18M3 12h18M3 17h18\" stroke=\"currentColor\" stroke-width=\"2\" stroke-linecap=\"round\"\/><\/svg>\n          <div><strong>Savjetovanja u vezi odnosa s bankama i leasing ku\u0107ama<\/strong> \u2013 priprema kreditnih aplikacija i dokumentacije za banke, ministarstva i druge institucije (poticajna sredstva).<\/div>\n        <\/li>\n        <li>\n          <svg width=\"18\" height=\"18\" viewbox=\"0 0 24 24\" fill=\"none\" aria-hidden=\"true\"><path d=\"M12 8v8m-4-4h8M21 12a9 9 0 11-18 0 9 9 0 0118 0z\" stroke=\"currentColor\" stroke-width=\"2\" stroke-linecap=\"round\" stroke-linejoin=\"round\"\/><\/svg>\n          <div><strong>Savjetovanja o upravljanju obavezama i potra\u017eivanjima<\/strong> \u2013 analiza naplate, planiranje likvidnosti i unapre\u0111enje finansijskih tokova u kompaniji.<\/div>\n        <\/li>\n      <\/ul>\n      <div class=\"fc-divider\" role=\"presentation\"><\/div>\n      <span class=\"fc-pill\">Model rada zasnovan na vi\u0161egodi\u0161njem iskustvu i praksi sa doma\u0107im i me\u0111unarodnim klijentima.<\/span>\n    <\/div>\n\n    <!-- Reference -->\n    <div class=\"fc-card\" aria-labelledby=\"reference-projekti\">\n      <h3 id=\"reference-projekti\">Odabrani projekti i partneri<\/h3>\n      <div class=\"fc-projects\">\n        <div class=\"fc-project\">\n          <span class=\"fc-bullet\"><\/span>\n          <div><strong>Unis Tok, Kalesija<\/strong> \u2014 metalna industrija (fabrika otkovaka i prstenova za autoindustriju)<\/div>\n        <\/div>\n        <div class=\"fc-project\">\n          <span class=\"fc-bullet\"><\/span>\n          <div><strong>Alfe-Mi, \u017divinice<\/strong> \u2014 metalna industrija (fabrika kontejnera)<\/div>\n        <\/div>\n        <div class=\"fc-project\">\n          <span class=\"fc-bullet\"><\/span>\n          <div><strong>Tom-Cat, Tuzla<\/strong> \u2014 projektovanje, in\u017einjering i izvo\u0111enje gra\u0111evinskih radova<\/div>\n        <\/div>\n        <div class=\"fc-project\">\n          <span class=\"fc-bullet\"><\/span>\n          <div><strong>Nam, Tuzla<\/strong> \u2014 izdava\u010dka ku\u0107a<\/div>\n        <\/div>\n        <div class=\"fc-project\">\n          <span class=\"fc-bullet\"><\/span>\n          <div><strong>Rudar Invest, Banovi\u0107i<\/strong> \u2014 fabrika opreme za rudnike<\/div>\n        <\/div>\n        <div class=\"fc-project\">\n          <span class=\"fc-bullet\"><\/span>\n          <div><strong>Eminal, \u017divinice<\/strong> \u2014 fabrika aluminijskih profila<\/div>\n        <\/div>\n        <div class=\"fc-project\">\n          <span class=\"fc-bullet\"><\/span>\n          <div><strong>Helvetia, Tuzla<\/strong> \u2014 ugostiteljska djelatnost<\/div>\n        <\/div>\n        <div class=\"fc-project\">\n          <span class=\"fc-bullet\"><\/span>\n          <div><strong>A3 Promet, Kalesija<\/strong><\/div>\n        <\/div>\n        <div class=\"fc-project\">\n          <span class=\"fc-bullet\"><\/span>\n          <div><strong>Uni Bristol, Tuzla<\/strong> \u2014 stambeno-poslovni kompleks Mellain<\/div>\n        <\/div>\n      <\/div>\n    <\/div>\n  <\/div>\n<\/section>","protected":false},"excerpt":{"rendered":"<p>Usluge Finansijski konsalting Kroz dugogodi\u0161nje iskustvo FINconsult je realizovao brojne projekte iz oblasti finansijskog konsaltinga, izrade investicionih planova i savjetovanja u vezi bankarskih aran\u017emana i finansijskog upravljanja. Na\u0161e aktivnosti obuhvataju Izradu investicionih i poslovnih planova \u2013 uklju\u010duju\u0107i projekcije prihoda, tro\u0161kova, nov\u010danih tokova i pokazatelja profitabilnosti. Savjetovanja u vezi odnosa s bankama i leasing ku\u0107ama \u2013 priprema kreditnih aplikacija i dokumentacije za banke, ministarstva i druge institucije (poticajna sredstva). Savjetovanja o upravljanju obavezama i potra\u017eivanjima \u2013 [&hellip;]<\/p>","protected":false},"author":1,"featured_media":0,"parent":0,"menu_order":0,"comment_status":"closed","ping_status":"closed","template":"","meta":{"_acf_changed":false,"footnotes":""},"class_list":["post-2267","page","type-page","status-publish","hentry"],"acf":[],"_links":{"self":[{"href":"https:\/\/finconsult.ba\/en\/wp-json\/wp\/v2\/pages\/2267","targetHints":{"allow":["GET"]}}],"collection":[{"href":"https:\/\/finconsult.ba\/en\/wp-json\/wp\/v2\/pages"}],"about":[{"href":"https:\/\/finconsult.ba\/en\/wp-json\/wp\/v2\/types\/page"}],"author":[{"embeddable":true,"href":"https:\/\/finconsult.ba\/en\/wp-json\/wp\/v2\/users\/1"}],"replies":[{"embeddable":true,"href":"https:\/\/finconsult.ba\/en\/wp-json\/wp\/v2\/comments?post=2267"}],"version-history":[{"count":1,"href":"https:\/\/finconsult.ba\/en\/wp-json\/wp\/v2\/pages\/2267\/revisions"}],"predecessor-version":[{"id":5981,"href":"https:\/\/finconsult.ba\/en\/wp-json\/wp\/v2\/pages\/2267\/revisions\/5981"}],"wp:attachment":[{"href":"https:\/\/finconsult.ba\/en\/wp-json\/wp\/v2\/media?parent=2267"}],"curies":[{"name":"wp","href":"https:\/\/api.w.org\/{rel}","templated":true}]}}